{"id":3443,"date":"2022-08-28T19:39:07","date_gmt":"2022-08-28T17:39:07","guid":{"rendered":"https:\/\/www.radio-sta.com\/?page_id=3443"},"modified":"2023-04-02T23:01:42","modified_gmt":"2023-04-02T21:01:42","slug":"presentation-du-projet-ariss","status":"publish","type":"page","link":"https:\/\/www.radio-sta.com\/index.php\/presentation-du-projet-ariss\/","title":{"rendered":"Pr\u00e9sentation du projet ARISS"},"content":{"rendered":"<p>[vc_row scheme=\u00a0\u00bbdark\u00a0\u00bb hide_bg_image_on_tablet=\u00a0\u00bb\u00a0\u00bb hide_bg_image_on_mobile=\u00a0\u00bb\u00a0\u00bb row_delimiter=\u00a0\u00bb\u00a0\u00bb row_hide_unfixed=\u00a0\u00bb\u00a0\u00bb hide_on_desktop=\u00a0\u00bb\u00a0\u00bb hide_on_notebook=\u00a0\u00bb\u00a0\u00bb hide_on_tablet=\u00a0\u00bb\u00a0\u00bb hide_on_mobile=\u00a0\u00bb\u00a0\u00bb hide_on_frontpage=\u00a0\u00bb\u00a0\u00bb hide_on_singular=\u00a0\u00bb\u00a0\u00bb hide_on_other=\u00a0\u00bb\u00a0\u00bb][vc_column width=\u00a0\u00bb2\/3&Prime; icons_position=\u00a0\u00bbleft\u00a0\u00bb][vc_column_text]<\/p>\n<h2>Pr\u00e9sentation du projet ARISS et des activit\u00e9s r\u00e9alis\u00e9es.<\/h2>\n<p>[\/vc_column_text][vc_column_text]03\/2023[\/vc_column_text][\/vc_column][vc_column width=\u00a0\u00bb1\/3&Prime; icons_position=\u00a0\u00bbleft\u00a0\u00bb][vc_single_image image=\u00a0\u00bb3444&Prime; img_size=\u00a0\u00bblarge\u00a0\u00bb alignment=\u00a0\u00bbright\u00a0\u00bb onclick=\u00a0\u00bbcustom_link\u00a0\u00bb link=\u00a0\u00bbhttps:\/\/www.radio-sta.com\/wp-content\/uploads\/2023\/04\/Contact-ARISS-College-St-Anatoile.pdf\u00a0\u00bb][\/vc_column][\/vc_row]<\/p>\n","protected":false},"excerpt":{"rendered":"<p>[vc_row scheme=\u00a0\u00bbdark\u00a0\u00bb hide_bg_image_on_tablet=\u00a0\u00bb\u00a0\u00bb hide_bg_image_on_mobile=\u00a0\u00bb\u00a0\u00bb row_delimiter=\u00a0\u00bb\u00a0\u00bb row_hide_unfixed=\u00a0\u00bb\u00a0\u00bb hide_on_desktop=\u00a0\u00bb\u00a0\u00bb hide_on_notebook=\u00a0\u00bb\u00a0\u00bb hide_on_tablet=\u00a0\u00bb\u00a0\u00bb hide_on_mobile=\u00a0\u00bb\u00a0\u00bb hide_on_frontpage=\u00a0\u00bb\u00a0\u00bb hide_on_singular=\u00a0\u00bb\u00a0\u00bb hide_on_other=\u00a0\u00bb\u00a0\u00bb][vc_column width=\u00a0\u00bb2\/3&Prime; icons_position=\u00a0\u00bbleft\u00a0\u00bb][vc_column_text] Pr\u00e9sentation du projet ARISS et des activit\u00e9s r\u00e9alis\u00e9es. [\/vc_column_text][vc_column_text]03\/2023[\/vc_column_text][\/vc_column][vc_column width=\u00a0\u00bb1\/3&Prime; icons_position=\u00a0\u00bbleft\u00a0\u00bb][vc_single_image image=\u00a0\u00bb3444&Prime; img_size=\u00a0\u00bblarge\u00a0\u00bb alignment=\u00a0\u00bbright\u00a0\u00bb onclick=\u00a0\u00bbcustom_link\u00a0\u00bb link=\u00a0\u00bbhttps:\/\/www.radio-sta.com\/wp-content\/uploads\/2023\/04\/Contact-ARISS-College-St-Anatoile.pdf\u00a0\u00bb][\/vc_column][\/vc_row]<\/p>\n","protected":false},"author":1,"featured_media":0,"parent":0,"menu_order":0,"comment_status":"closed","ping_status":"closed","template":"","meta":{"footnotes":""},"class_list":["post-3443","page","type-page","status-publish","hentry"],"_links":{"self":[{"href":"https:\/\/www.radio-sta.com\/index.php\/wp-json\/wp\/v2\/pages\/3443","targetHints":{"allow":["GET"]}}],"collection":[{"href":"https:\/\/www.radio-sta.com\/index.php\/wp-json\/wp\/v2\/pages"}],"about":[{"href":"https:\/\/www.radio-sta.com\/index.php\/wp-json\/wp\/v2\/types\/page"}],"author":[{"embeddable":true,"href":"https:\/\/www.radio-sta.com\/index.php\/wp-json\/wp\/v2\/users\/1"}],"replies":[{"embeddable":true,"href":"https:\/\/www.radio-sta.com\/index.php\/wp-json\/wp\/v2\/comments?post=3443"}],"version-history":[{"count":6,"href":"https:\/\/www.radio-sta.com\/index.php\/wp-json\/wp\/v2\/pages\/3443\/revisions"}],"predecessor-version":[{"id":3701,"href":"https:\/\/www.radio-sta.com\/index.php\/wp-json\/wp\/v2\/pages\/3443\/revisions\/3701"}],"wp:attachment":[{"href":"https:\/\/www.radio-sta.com\/index.php\/wp-json\/wp\/v2\/media?parent=3443"}],"curies":[{"name":"wp","href":"https:\/\/api.w.org\/{rel}","templated":true}]}}