{"id":3450,"date":"2022-08-28T19:47:27","date_gmt":"2022-08-28T17:47:27","guid":{"rendered":"https:\/\/www.radio-sta.com\/?page_id=3450"},"modified":"2022-09-24T14:56:36","modified_gmt":"2022-09-24T12:56:36","slug":"earthkam","status":"publish","type":"page","link":"https:\/\/www.radio-sta.com\/index.php\/earthkam\/","title":{"rendered":"Mission EarthKAM"},"content":{"rendered":"<p>[vc_row][vc_column icons_position=\u00a0\u00bbleft\u00a0\u00bb][vc_column_text]<\/p>\r\n<p>Sally Ride EarthKAM (Earth Knowledge Acquired by Middle School Students) est un programme de sensibilisation \u00e9ducatif de la NASA.<br \/>Il permet aux coll\u00e9giens de piloter un appareil photo num\u00e9rique \u00e0 bord de la Station Spatiale Internationale (ISS), pour r\u00e9aliser des prises de vue de lieux sp\u00e9cifiques sur Terre.<br \/>Le programme a \u00e9t\u00e9 lanc\u00e9 par JoBea Way Holt, un scientifique du Jet Propulsion Laboratory de la NASA. Le programme \u00e9tait initialement nomm\u00e9 KidSat.<br \/>En 1998, le programme KidSat a \u00e9t\u00e9 repris par le Dr Sally Ride, la premi\u00e8re femme astronaute am\u00e9ricaine, et renomm\u00e9 EarthKAM. Le Dr Ride a dirig\u00e9 l&rsquo;installation de l&rsquo;\u00e9quipement (d\u00e9sormais permanent) sur la Station Spatiale Internationale (ISS).<br \/>Le coll\u00e8ge Saint-Anatoile a \u00e9t\u00e9 int\u00e9gr\u00e9 au programme earthKAM. Les \u00e9l\u00e8ves peuvent d\u00e9sormais prendre part aux missions (3 \u00e0 4 par an) permettant de r\u00e9aliser des photographies de lieux souhait\u00e9s en fonction des orbites de l\u2019ISS.<\/p>\r\n<p>[\/vc_column_text][\/vc_column][\/vc_row][vc_row][vc_column icons_position=\u00a0\u00bbleft\u00a0\u00bb][vc_single_image image=\u00a0\u00bb3534&Prime; img_size=\u00a0\u00bbmedium\u00a0\u00bb alignment=\u00a0\u00bbcenter\u00a0\u00bb][\/vc_column][\/vc_row][vc_row][vc_column icons_position=\u00a0\u00bbleft\u00a0\u00bb][vc_empty_space alter_height=\u00a0\u00bbmedium\u00a0\u00bb hide_on_desktop=\u00a0\u00bb\u00a0\u00bb hide_on_notebook=\u00a0\u00bb\u00a0\u00bb hide_on_tablet=\u00a0\u00bb\u00a0\u00bb hide_on_mobile=\u00a0\u00bb\u00a0\u00bb][\/vc_column][\/vc_row][vc_row][vc_column icons_position=\u00a0\u00bbleft\u00a0\u00bb][vc_column_text]<\/p>\r\n<h3>Equipement<\/h3>\r\n<p>[\/vc_column_text][\/vc_column][\/vc_row][vc_row][vc_column icons_position=\u00a0\u00bbleft\u00a0\u00bb][vc_empty_space hide_on_desktop=\u00a0\u00bb\u00a0\u00bb hide_on_notebook=\u00a0\u00bb\u00a0\u00bb hide_on_tablet=\u00a0\u00bb\u00a0\u00bb hide_on_mobile=\u00a0\u00bb\u00a0\u00bb][\/vc_column][\/vc_row][vc_row][vc_column icons_position=\u00a0\u00bbleft\u00a0\u00bb][vc_column_text]<\/p>\r\n<p>Sally Ride EarthKAM utilise un appareil photo num\u00e9rique Nikon D2Xs, controll\u00e9 par un ordinateur portable Lenovo (IBM) T61p. Le mat\u00e9riel est install\u00e9 dans le module laboratoire DESTINY de la Station Spatiale ISS.<\/p>\r\n<p>[\/vc_column_text][\/vc_column][\/vc_row][vc_row][vc_column width=\u00a0\u00bb1\/2&Prime; icons_position=\u00a0\u00bbleft\u00a0\u00bb][vc_single_image image=\u00a0\u00bb3542&Prime; img_size=\u00a0\u00bbmedium\u00a0\u00bb alignment=\u00a0\u00bbcenter\u00a0\u00bb][\/vc_column][vc_column width=\u00a0\u00bb1\/2&Prime; icons_position=\u00a0\u00bbleft\u00a0\u00bb][vc_single_image image=\u00a0\u00bb3543&Prime; img_size=\u00a0\u00bbmedium\u00a0\u00bb alignment=\u00a0\u00bbcenter\u00a0\u00bb][\/vc_column][\/vc_row][vc_row][vc_column icons_position=\u00a0\u00bbleft\u00a0\u00bb][vc_empty_space alter_height=\u00a0\u00bbmedium\u00a0\u00bb hide_on_desktop=\u00a0\u00bb\u00a0\u00bb hide_on_notebook=\u00a0\u00bb\u00a0\u00bb hide_on_tablet=\u00a0\u00bb\u00a0\u00bb hide_on_mobile=\u00a0\u00bb\u00a0\u00bb][\/vc_column][\/vc_row][vc_row][vc_column icons_position=\u00a0\u00bbleft\u00a0\u00bb][vc_column_text]<\/p>\r\n<h3>Processus de demande de prise de vue<\/h3>\r\n<p>[\/vc_column_text][\/vc_column][\/vc_row][vc_row][vc_column icons_position=\u00a0\u00bbleft\u00a0\u00bb][vc_empty_space hide_on_desktop=\u00a0\u00bb\u00a0\u00bb hide_on_notebook=\u00a0\u00bb\u00a0\u00bb hide_on_tablet=\u00a0\u00bb\u00a0\u00bb hide_on_mobile=\u00a0\u00bb\u00a0\u00bb][\/vc_column][\/vc_row][vc_row gap=\u00a0\u00bb10&Prime; equal_height=\u00a0\u00bbyes\u00a0\u00bb content_placement=\u00a0\u00bbmiddle\u00a0\u00bb hide_bg_image_on_tablet=\u00a0\u00bb\u00a0\u00bb hide_bg_image_on_mobile=\u00a0\u00bb\u00a0\u00bb row_delimiter=\u00a0\u00bb\u00a0\u00bb row_hide_unfixed=\u00a0\u00bb\u00a0\u00bb hide_on_desktop=\u00a0\u00bb\u00a0\u00bb hide_on_notebook=\u00a0\u00bb\u00a0\u00bb hide_on_tablet=\u00a0\u00bb\u00a0\u00bb hide_on_mobile=\u00a0\u00bb\u00a0\u00bb hide_on_frontpage=\u00a0\u00bb\u00a0\u00bb hide_on_singular=\u00a0\u00bb\u00a0\u00bb hide_on_other=\u00a0\u00bb\u00a0\u00bb][vc_column width=\u00a0\u00bb2\/3&Prime; icons_position=\u00a0\u00bbleft\u00a0\u00bb][vc_column_text]<\/p>\r\n<p>Les \u00e9l\u00e8ves pr\u00e9parent la mission en compl\u00e9tant la targeting sheet :<br \/>&#8211; Ils identifient le lieu qu\u2019ils veulent photographier, et donnent la raison pour laquelle ils d\u00e9sirent le faire.<br \/>&#8211; Ils enregistrent les coordonn\u00e9es g\u00e9ographiques de la cible (latitude, longitude, date et heure GMT, num\u00e9ro de l&rsquo;orbite concern\u00e9e).<br \/>Ce document permet de suivre l\u2019enregistrement de la demande, jusqu\u2019\u00e0 la restitution de l\u2019image.<\/p>\r\n<p>[\/vc_column_text][\/vc_column][vc_column width=\u00a0\u00bb1\/3&Prime; icons_position=\u00a0\u00bbleft\u00a0\u00bb][vc_single_image image=\u00a0\u00bb3547&Prime; img_size=\u00a0\u00bbmedium\u00a0\u00bb alignment=\u00a0\u00bbcenter\u00a0\u00bb][\/vc_column][\/vc_row][vc_row][vc_column icons_position=\u00a0\u00bbleft\u00a0\u00bb][vc_empty_space alter_height=\u00a0\u00bbmedium\u00a0\u00bb hide_on_desktop=\u00a0\u00bb\u00a0\u00bb hide_on_notebook=\u00a0\u00bb\u00a0\u00bb hide_on_tablet=\u00a0\u00bb\u00a0\u00bb hide_on_mobile=\u00a0\u00bb\u00a0\u00bb][\/vc_column][\/vc_row][vc_row][vc_column icons_position=\u00a0\u00bbleft\u00a0\u00bb][vc_column_text]<\/p>\r\n<h3>Mode d&#8217;emploi &#8211; Image request<\/h3>\r\n<p>[\/vc_column_text][\/vc_column][\/vc_row][vc_row][vc_column icons_position=\u00a0\u00bbleft\u00a0\u00bb][vc_empty_space hide_on_desktop=\u00a0\u00bb\u00a0\u00bb hide_on_notebook=\u00a0\u00bb\u00a0\u00bb hide_on_tablet=\u00a0\u00bb\u00a0\u00bb hide_on_mobile=\u00a0\u00bb\u00a0\u00bb][\/vc_column][\/vc_row][vc_row][vc_column icons_position=\u00a0\u00bbleft\u00a0\u00bb][vc_column_text]<\/p>\r\n<div class=\"wp-block-file\"><object class=\"wp-block-file__embed\" style=\"width: 100%; height: 600px;\" data=\"https:\/\/www.radio-sta.com\/wp-content\/uploads\/2022\/09\/Mode-demploi-Image-Request.pdf\" type=\"application\/pdf\" width=\"300\" height=\"150\" aria-label=\"Contenu embarqu\u00e9 Mode-demploi-Image-Request.\"><\/object><a id=\"wp-block-file--media-a15329ea-7dac-4424-94d8-a496e90563fe\" href=\"https:\/\/www.radio-sta.com\/wp-content\/uploads\/2022\/09\/Mode-demploi-Image-Request.pdf\">Mode-demploi-Image-Request<\/a><a class=\"wp-block-file__button\" href=\"https:\/\/www.radio-sta.com\/wp-content\/uploads\/2022\/09\/Mode-demploi-Image-Request.pdf\" download=\"\" aria-describedby=\"wp-block-file--media-a15329ea-7dac-4424-94d8-a496e90563fe\">T\u00e9l\u00e9charger<\/a><\/div>\r\n<p>[\/vc_column_text][\/vc_column][\/vc_row][vc_row][vc_column icons_position=\u00a0\u00bbleft\u00a0\u00bb][vc_empty_space alter_height=\u00a0\u00bbmedium\u00a0\u00bb hide_on_desktop=\u00a0\u00bb\u00a0\u00bb hide_on_notebook=\u00a0\u00bb\u00a0\u00bb hide_on_tablet=\u00a0\u00bb\u00a0\u00bb hide_on_mobile=\u00a0\u00bb\u00a0\u00bb][\/vc_column][\/vc_row][vc_row][vc_column icons_position=\u00a0\u00bbleft\u00a0\u00bb][vc_column_text]<\/p>\r\n<h3>Echantillon de prises de vues<\/h3>\r\n<p>[\/vc_column_text][\/vc_column][\/vc_row][vc_row][vc_column icons_position=\u00a0\u00bbleft\u00a0\u00bb][vc_empty_space hide_on_desktop=\u00a0\u00bb\u00a0\u00bb hide_on_notebook=\u00a0\u00bb\u00a0\u00bb hide_on_tablet=\u00a0\u00bb\u00a0\u00bb hide_on_mobile=\u00a0\u00bb\u00a0\u00bb][\/vc_column][\/vc_row][vc_row][vc_column icons_position=\u00a0\u00bbleft\u00a0\u00bb]<ul class=\"pinterest-container\" data-onclick=\"link_image\" data-itemwidth=\"240\" data-minwidth=\"240\" data-offset=\"4\" data-outeroffset=\"0\" data-id=\"345015\" data-imagesload=\"off\"><li style='list-style:none;display:none'><a href='https:\/\/www.radio-sta.com\/wp-content\/uploads\/2022\/09\/Affiche-Afrique-du-Sud-scaled.jpg' class='lightbox-link' rel='cq-pinterst-3450'><img src='https:\/\/www.radio-sta.com\/wp-content\/uploads\/2022\/09\/Affiche-Afrique-du-Sud-scaled-240x170.jpg' width='240' height='170' alt='' \/><\/a><\/li><li style='list-style:none;display:none'><a href='https:\/\/www.radio-sta.com\/wp-content\/uploads\/2022\/09\/Affiche-Pendjab-Inde-scaled.jpg' class='lightbox-link' rel='cq-pinterst-3450'><img src='https:\/\/www.radio-sta.com\/wp-content\/uploads\/2022\/09\/Affiche-Pendjab-Inde-scaled-240x170.jpg' width='240' height='170' alt='' \/><\/a><\/li><li style='list-style:none;display:none'><a href='https:\/\/www.radio-sta.com\/wp-content\/uploads\/2022\/09\/Affiche-Plumridge-lakes-Australie-scaled.jpg' class='lightbox-link' rel='cq-pinterst-3450'><img src='https:\/\/www.radio-sta.com\/wp-content\/uploads\/2022\/09\/Affiche-Plumridge-lakes-Australie-scaled-240x170.jpg' width='240' height='170' alt='' \/><\/a><\/li><li style='list-style:none;display:none'><a href='https:\/\/www.radio-sta.com\/wp-content\/uploads\/2022\/09\/Affiche-Sud-Jura-Le\u0301man-scaled.jpg' class='lightbox-link' rel='cq-pinterst-3450'><img src='https:\/\/www.radio-sta.com\/wp-content\/uploads\/2022\/09\/Affiche-Sud-Jura-Le\u0301man-scaled-240x170.jpg' width='240' height='170' alt='' \/><\/a><\/li><li style='list-style:none;display:none'><a href='https:\/\/www.radio-sta.com\/wp-content\/uploads\/2022\/09\/Affiche-Bayonne-France.jpg' class='lightbox-link' rel='cq-pinterst-3450'><img src='https:\/\/www.radio-sta.com\/wp-content\/uploads\/2022\/09\/Affiche-Bayonne-France.jpg' width='240' height='0' alt='' \/><\/a><\/li><li style='list-style:none;display:none'><a href='https:\/\/www.radio-sta.com\/wp-content\/uploads\/2022\/09\/Affiche-Ayers-Rock-2-scaled.jpg' class='lightbox-link' rel='cq-pinterst-3450'><img src='https:\/\/www.radio-sta.com\/wp-content\/uploads\/2022\/09\/Affiche-Ayers-Rock-2-scaled-240x170.jpg' width='240' height='170' alt='' \/><\/a><\/li><li style='list-style:none;display:none'><a href='https:\/\/www.radio-sta.com\/wp-content\/uploads\/2022\/09\/Affiche-Hammamet-Tunisie-scaled.jpg' class='lightbox-link' rel='cq-pinterst-3450'><img src='https:\/\/www.radio-sta.com\/wp-content\/uploads\/2022\/09\/Affiche-Hammamet-Tunisie-scaled-240x170.jpg' width='240' height='170' alt='' \/><\/a><\/li><li style='list-style:none;display:none'><a href='https:\/\/www.radio-sta.com\/wp-content\/uploads\/2022\/09\/Affiche-Melbourne-scaled.jpg' class='lightbox-link' rel='cq-pinterst-3450'><img src='https:\/\/www.radio-sta.com\/wp-content\/uploads\/2022\/09\/Affiche-Melbourne-scaled-240x170.jpg' width='240' height='170' alt='' \/><\/a><\/li><li style='list-style:none;display:none'><a href='https:\/\/www.radio-sta.com\/wp-content\/uploads\/2022\/09\/Affiche-Sidney-scaled.jpg' class='lightbox-link' rel='cq-pinterst-3450'><img src='https:\/\/www.radio-sta.com\/wp-content\/uploads\/2022\/09\/Affiche-Sidney-scaled-240x170.jpg' width='240' height='170' alt='' \/><\/a><\/li><li style='list-style:none;display:none'><a href='https:\/\/www.radio-sta.com\/wp-content\/uploads\/2022\/09\/Affiche-Nouvelle-Cale\u0301donie-scaled.jpg' class='lightbox-link' rel='cq-pinterst-3450'><img src='https:\/\/www.radio-sta.com\/wp-content\/uploads\/2022\/09\/Affiche-Nouvelle-Cale\u0301donie-scaled-240x170.jpg' width='240' height='170' alt='' \/><\/a><\/li><li style='list-style:none;display:none'><a href='https:\/\/www.radio-sta.com\/wp-content\/uploads\/2022\/09\/Affiche-Gre\u0300ce-Mont-Olympe-scaled.jpg' class='lightbox-link' rel='cq-pinterst-3450'><img src='https:\/\/www.radio-sta.com\/wp-content\/uploads\/2022\/09\/Affiche-Gre\u0300ce-Mont-Olympe-scaled-240x170.jpg' width='240' height='170' alt='' \/><\/a><\/li><li style='list-style:none;display:none'><a href='https:\/\/www.radio-sta.com\/wp-content\/uploads\/2022\/09\/Affiche-Himalaya-1-Inde-scaled.jpg' class='lightbox-link' rel='cq-pinterst-3450'><img src='https:\/\/www.radio-sta.com\/wp-content\/uploads\/2022\/09\/Affiche-Himalaya-1-Inde-scaled-240x170.jpg' width='240' height='170' alt='' \/><\/a><\/li><li style='list-style:none;display:none'><a href='https:\/\/www.radio-sta.com\/wp-content\/uploads\/2022\/09\/Affiche-Pe\u0301rou-scaled.jpg' class='lightbox-link' rel='cq-pinterst-3450'><img src='https:\/\/www.radio-sta.com\/wp-content\/uploads\/2022\/09\/Affiche-Pe\u0301rou-scaled-240x170.jpg' width='240' height='170' alt='' \/><\/a><\/li><\/ul>[\/vc_column][\/vc_row][vc_row][vc_column icons_position=\u00a0\u00bbleft\u00a0\u00bb][vc_empty_space hide_on_desktop=\u00a0\u00bb\u00a0\u00bb hide_on_notebook=\u00a0\u00bb\u00a0\u00bb hide_on_tablet=\u00a0\u00bb\u00a0\u00bb hide_on_mobile=\u00a0\u00bb\u00a0\u00bb][\/vc_column][\/vc_row][vc_row][vc_column icons_position=\u00a0\u00bbleft\u00a0\u00bb][vc_single_image image=\u00a0\u00bb3635&Prime; img_size=\u00a0\u00bblarge\u00a0\u00bb add_caption=\u00a0\u00bbyes\u00a0\u00bb alignment=\u00a0\u00bbcenter\u00a0\u00bb onclick=\u00a0\u00bbimg_link_large\u00a0\u00bb img_link_target=\u00a0\u00bb_blank\u00a0\u00bb][\/vc_column][\/vc_row]<\/p>","protected":false},"excerpt":{"rendered":"<p>[vc_row][vc_column icons_position=\u00a0\u00bbleft\u00a0\u00bb][vc_column_text] Sally Ride EarthKAM (Earth Knowledge Acquired by Middle School Students) est un programme de sensibilisation \u00e9ducatif de la NASA.Il permet aux coll\u00e9giens de piloter un appareil photo num\u00e9rique \u00e0 bord de la Station Spatiale Internationale (ISS), pour r\u00e9aliser des prises de vue de lieux sp\u00e9cifiques sur Terre.Le programme a \u00e9t\u00e9 lanc\u00e9 par JoBea Way Holt, un scientifique du&hellip;<\/p>\n","protected":false},"author":1,"featured_media":0,"parent":0,"menu_order":0,"comment_status":"closed","ping_status":"closed","template":"","meta":{"footnotes":""},"class_list":["post-3450","page","type-page","status-publish","hentry"],"_links":{"self":[{"href":"https:\/\/www.radio-sta.com\/index.php\/wp-json\/wp\/v2\/pages\/3450","targetHints":{"allow":["GET"]}}],"collection":[{"href":"https:\/\/www.radio-sta.com\/index.php\/wp-json\/wp\/v2\/pages"}],"about":[{"href":"https:\/\/www.radio-sta.com\/index.php\/wp-json\/wp\/v2\/types\/page"}],"author":[{"embeddable":true,"href":"https:\/\/www.radio-sta.com\/index.php\/wp-json\/wp\/v2\/users\/1"}],"replies":[{"embeddable":true,"href":"https:\/\/www.radio-sta.com\/index.php\/wp-json\/wp\/v2\/comments?post=3450"}],"version-history":[{"count":35,"href":"https:\/\/www.radio-sta.com\/index.php\/wp-json\/wp\/v2\/pages\/3450\/revisions"}],"predecessor-version":[{"id":3638,"href":"https:\/\/www.radio-sta.com\/index.php\/wp-json\/wp\/v2\/pages\/3450\/revisions\/3638"}],"wp:attachment":[{"href":"https:\/\/www.radio-sta.com\/index.php\/wp-json\/wp\/v2\/media?parent=3450"}],"curies":[{"name":"wp","href":"https:\/\/api.w.org\/{rel}","templated":true}]}}