{"id":3452,"date":"2022-08-28T19:49:30","date_gmt":"2022-08-28T17:49:30","guid":{"rendered":"https:\/\/www.radio-sta.com\/?page_id=3452"},"modified":"2022-09-21T09:39:31","modified_gmt":"2022-09-21T07:39:31","slug":"mission-zero","status":"publish","type":"page","link":"https:\/\/www.radio-sta.com\/index.php\/mission-zero\/","title":{"rendered":"Astro Pi &#8211; Mission Zero"},"content":{"rendered":"<p>[vc_row][vc_column icons_position=\u00a0\u00bbleft\u00a0\u00bb][vc_column_text]Le d\u00e9fi europ\u00e9en Astro Pi est un projet \u00e9ducatif de l\u2019ESA men\u00e9 en collaboration avec la Fondation Raspberry Pi. Il offre aux \u00e9l\u00e8ves l\u2019opportunit\u00e9 de mener des recherches scientifiques dans l\u2019espace en \u00e9crivant des programmes informatiques qui fonctionnent sur des ordinateurs Raspberry Pi \u00e0 bord de la Station spatiale internationale (ISS).<\/p>\n<p>Mission Zero offre aux participants la chance de faire ex\u00e9cuter leur code sur l\u2019ISS ! Les \u00e9l\u00e8ves \u00e9crivent un programme simple en langage PYTHON pour afficher sur l\u2019ordinateur Astro Pi un message et une lecture de l\u2019humidit\u00e9 que les astronautes peuvent consulter au cours de leurs t\u00e2ches quotidiennes dans l\u2019ISS.[\/vc_column_text][\/vc_column][\/vc_row][vc_row][vc_column icons_position=\u00a0\u00bbleft\u00a0\u00bb][vc_single_image image=\u00a0\u00bb3590&Prime; img_size=\u00a0\u00bbmedium\u00a0\u00bb alignment=\u00a0\u00bbcenter\u00a0\u00bb][\/vc_column][\/vc_row][vc_row][vc_column icons_position=\u00a0\u00bbleft\u00a0\u00bb][vc_column_text]<\/p>\n<h3 id=\"quest-ce-quun-astro-pi\">Qu\u2019est-ce qu\u2019un Astro Pi\u00a0?<\/h3>\n<p>[\/vc_column_text][\/vc_column][\/vc_row][vc_row][vc_column icons_position=\u00a0\u00bbleft\u00a0\u00bb][vc_empty_space hide_on_desktop=\u00a0\u00bb\u00a0\u00bb hide_on_notebook=\u00a0\u00bb\u00a0\u00bb hide_on_tablet=\u00a0\u00bb\u00a0\u00bb hide_on_mobile=\u00a0\u00bb\u00a0\u00bb][\/vc_column][\/vc_row][vc_row][vc_column icons_position=\u00a0\u00bbleft\u00a0\u00bb][vc_column_text]Un Astro Pi est un ordinateur Raspberry Pi int\u00e9gr\u00e9 dans un bo\u00eetier sp\u00e9cialement con\u00e7u pour les conditions spatiales. Il poss\u00e8de \u00e9galement une carte suppl\u00e9mentaire appel\u00e9e Sense HAT, sp\u00e9cialement con\u00e7ue pour la mission Astro Pi. Le Sense HAT est \u00e9quip\u00e9 d\u2019un joystick, d\u2019un \u00e9cran LED et de capteurs permettant d\u2019enregistrer les conditions d\u2019\u00e9clairage, la temp\u00e9rature, l\u2019humidit\u00e9, la pression et l\u2019orientation.[\/vc_column_text][\/vc_column][\/vc_row][vc_row][vc_column icons_position=\u00a0\u00bbleft\u00a0\u00bb][vc_single_image image=\u00a0\u00bb3595&Prime; img_size=\u00a0\u00bblarge\u00a0\u00bb alignment=\u00a0\u00bbcenter\u00a0\u00bb][\/vc_column][\/vc_row][vc_row][vc_column icons_position=\u00a0\u00bbleft\u00a0\u00bb][vc_empty_space alter_height=\u00a0\u00bbmedium\u00a0\u00bb hide_on_desktop=\u00a0\u00bb\u00a0\u00bb hide_on_notebook=\u00a0\u00bb\u00a0\u00bb hide_on_tablet=\u00a0\u00bb\u00a0\u00bb hide_on_mobile=\u00a0\u00bb\u00a0\u00bb][\/vc_column][\/vc_row][vc_row][vc_column icons_position=\u00a0\u00bbleft\u00a0\u00bb][vc_column_text]<\/p>\n<h3 id=\"quest-ce-quun-astro-pi\">Programmation de l&rsquo;Astro Pi<\/h3>\n<p>[\/vc_column_text][\/vc_column][\/vc_row][vc_row][vc_column icons_position=\u00a0\u00bbleft\u00a0\u00bb][vc_empty_space hide_on_desktop=\u00a0\u00bb\u00a0\u00bb hide_on_notebook=\u00a0\u00bb\u00a0\u00bb hide_on_tablet=\u00a0\u00bb\u00a0\u00bb hide_on_mobile=\u00a0\u00bb\u00a0\u00bb][\/vc_column][\/vc_row][vc_row][vc_column icons_position=\u00a0\u00bbleft\u00a0\u00bb][vc_column_text]A l&rsquo;aide d&rsquo;un \u00e9mulateur en ligne (Trinket\/Sense Hat :\u00a0<a href=\"https:\/\/trinket.io\/mission-zero\" target=\"_blank\" rel=\"noopener\">https:\/\/trinket.io\/mission-zero<\/a>), les \u00e9l\u00e8ves d\u00e9veloppent un programme en langage Python tout en observant ses effets en temps r\u00e9el.[\/vc_column_text][\/vc_column][\/vc_row][vc_row][vc_column icons_position=\u00a0\u00bbleft\u00a0\u00bb][vc_single_image image=\u00a0\u00bb3598&Prime; img_size=\u00a0\u00bblarge\u00a0\u00bb alignment=\u00a0\u00bbcenter\u00a0\u00bb][\/vc_column][\/vc_row][vc_row][vc_column icons_position=\u00a0\u00bbleft\u00a0\u00bb][vc_empty_space alter_height=\u00a0\u00bbmedium\u00a0\u00bb hide_on_desktop=\u00a0\u00bb\u00a0\u00bb hide_on_notebook=\u00a0\u00bb\u00a0\u00bb hide_on_tablet=\u00a0\u00bb\u00a0\u00bb hide_on_mobile=\u00a0\u00bb\u00a0\u00bb][\/vc_column][\/vc_row][vc_row][vc_column icons_position=\u00a0\u00bbleft\u00a0\u00bb][vc_column_text]<\/p>\n<h5 style=\"text-align: center;\">Guide \/ mode d&#8217;emploi du projet Astro Pi &#8211; Mission Zero : <a href=\"https:\/\/projects.raspberrypi.org\/fr-FR\/projects\/astro-pi-mission-zero\" target=\"_blank\" rel=\"noopener\">https:\/\/projects.raspberrypi.org\/fr-FR\/projects\/astro-pi-mission-zero<\/a><\/h5>\n<p>[\/vc_column_text][\/vc_column][\/vc_row]<\/p>\n","protected":false},"excerpt":{"rendered":"<p>[vc_row][vc_column icons_position=\u00a0\u00bbleft\u00a0\u00bb][vc_column_text]Le d\u00e9fi europ\u00e9en Astro Pi est un projet \u00e9ducatif de l\u2019ESA men\u00e9 en collaboration avec la Fondation Raspberry Pi. Il offre aux \u00e9l\u00e8ves l\u2019opportunit\u00e9 de mener des recherches scientifiques dans l\u2019espace en \u00e9crivant des programmes informatiques qui fonctionnent sur des ordinateurs Raspberry Pi \u00e0 bord de la Station spatiale internationale (ISS). Mission Zero offre aux participants la chance de&hellip;<\/p>\n","protected":false},"author":1,"featured_media":0,"parent":0,"menu_order":0,"comment_status":"closed","ping_status":"closed","template":"","meta":{"footnotes":""},"class_list":["post-3452","page","type-page","status-publish","hentry"],"_links":{"self":[{"href":"https:\/\/www.radio-sta.com\/index.php\/wp-json\/wp\/v2\/pages\/3452","targetHints":{"allow":["GET"]}}],"collection":[{"href":"https:\/\/www.radio-sta.com\/index.php\/wp-json\/wp\/v2\/pages"}],"about":[{"href":"https:\/\/www.radio-sta.com\/index.php\/wp-json\/wp\/v2\/types\/page"}],"author":[{"embeddable":true,"href":"https:\/\/www.radio-sta.com\/index.php\/wp-json\/wp\/v2\/users\/1"}],"replies":[{"embeddable":true,"href":"https:\/\/www.radio-sta.com\/index.php\/wp-json\/wp\/v2\/comments?post=3452"}],"version-history":[{"count":13,"href":"https:\/\/www.radio-sta.com\/index.php\/wp-json\/wp\/v2\/pages\/3452\/revisions"}],"predecessor-version":[{"id":3602,"href":"https:\/\/www.radio-sta.com\/index.php\/wp-json\/wp\/v2\/pages\/3452\/revisions\/3602"}],"wp:attachment":[{"href":"https:\/\/www.radio-sta.com\/index.php\/wp-json\/wp\/v2\/media?parent=3452"}],"curies":[{"name":"wp","href":"https:\/\/api.w.org\/{rel}","templated":true}]}}