{"id":3457,"date":"2022-08-28T19:51:43","date_gmt":"2022-08-28T17:51:43","guid":{"rendered":"https:\/\/www.radio-sta.com\/?page_id=3457"},"modified":"2022-09-21T12:41:13","modified_gmt":"2022-09-21T10:41:13","slug":"ubpe","status":"publish","type":"page","link":"https:\/\/www.radio-sta.com\/index.php\/ubpe\/","title":{"rendered":"Un Ballon Pour l&rsquo;Ecole"},"content":{"rendered":"<p>[vc_row][vc_column icons_position=\u00a0\u00bbleft\u00a0\u00bb][vc_column_text]<\/p>\n<p style=\"text-align: left;\">L\u2019espace fait r\u00eaver. Cela fait pr\u00e8s de 60 ans que Plan\u00e8te Sciences propose aux jeunes des activit\u00e9s scientifiques pour appr\u00e9hender et toucher du doigt les difficult\u00e9s ou les notions n\u00e9cessaires aux professionnels lors de la conception et de la r\u00e9alisation de projets spatiaux.<\/p>\n<p>Le\u00a0<span class=\"caps\">CNES<\/span>\u00a0et Plan\u00e8te Sciences mettent en oeuvre des ballons stratosph\u00e9riques exp\u00e9rimentaux depuis 1992, notamment dans le cadre de l\u2019op\u00e9ration scolaire \u00ab<small class=\"fine d-inline\">\u00a0<\/small>Un Ballon pour l\u2019Ecole<small class=\"fine d-inline\">\u00a0<\/small>\u00bb (<span class=\"caps\">UBPE<\/span>).<\/p>\n<p>Le ballon embarque une nacelle de moins de 1,8 kg remplie d\u2019exp\u00e9riences pour pouvoir mieux comprendre notre atmosph\u00e8re jusqu\u2019\u00e0 30 km d\u2019altitude.<\/p>\n<p><strong>Le coll\u00e8ge Saint-Anatoile a d\u00e9pos\u00e9 une demande de candidature. Nous attendons une r\u00e9ponse au d\u00e9but du mois d&rsquo;octobre.<\/strong><\/p>\n<p>[\/vc_column_text][\/vc_column][\/vc_row][vc_row][vc_column icons_position=\u00a0\u00bbleft\u00a0\u00bb][vc_empty_space alter_height=\u00a0\u00bbmedium\u00a0\u00bb hide_on_desktop=\u00a0\u00bb\u00a0\u00bb hide_on_notebook=\u00a0\u00bb\u00a0\u00bb hide_on_tablet=\u00a0\u00bb\u00a0\u00bb hide_on_mobile=\u00a0\u00bb\u00a0\u00bb][\/vc_column][\/vc_row][vc_row][vc_column icons_position=\u00a0\u00bbleft\u00a0\u00bb][vc_single_image image=\u00a0\u00bb3604&Prime; img_size=\u00a0\u00bbmedium\u00a0\u00bb alignment=\u00a0\u00bbcenter\u00a0\u00bb][\/vc_column][\/vc_row][vc_row][vc_column icons_position=\u00a0\u00bbleft\u00a0\u00bb][vc_empty_space alter_height=\u00a0\u00bbmedium\u00a0\u00bb hide_on_desktop=\u00a0\u00bb\u00a0\u00bb hide_on_notebook=\u00a0\u00bb\u00a0\u00bb hide_on_tablet=\u00a0\u00bb\u00a0\u00bb hide_on_mobile=\u00a0\u00bb\u00a0\u00bb][\/vc_column][\/vc_row][vc_row][vc_column icons_position=\u00a0\u00bbleft\u00a0\u00bb][vc_column_text]<\/p>\n<h3 id=\"Comment-vole-un-ballon-experimental\" class=\"spip\">Comment vole un ballon exp\u00e9rimental<small class=\"fine d-inline\">\u00a0<\/small>?<\/h3>\n<p>[\/vc_column_text][\/vc_column][\/vc_row][vc_row][vc_column icons_position=\u00a0\u00bbleft\u00a0\u00bb][vc_empty_space hide_on_desktop=\u00a0\u00bb\u00a0\u00bb hide_on_notebook=\u00a0\u00bb\u00a0\u00bb hide_on_tablet=\u00a0\u00bb\u00a0\u00bb hide_on_mobile=\u00a0\u00bb\u00a0\u00bb][\/vc_column][\/vc_row][vc_row][vc_column icons_position=\u00a0\u00bbleft\u00a0\u00bb][vc_column_text]Un ballon exp\u00e9rimental est un v\u00e9hicule capable de se d\u00e9placer dans l\u2019atmosph\u00e8re sur une grande distance au gr\u00e9 des vents et atteindre des altitudes \u00e9lev\u00e9es\u00a0: jusqu\u2019\u00e0 30 km<small class=\"fine d-inline\">\u00a0<\/small>! Il permet ainsi le survol de la Terre et son observation ou l\u2019exploration de l\u2019atmosph\u00e8re.<\/p>\n<p>Le ballon est compos\u00e9 d\u2019une enveloppe de latex gonfl\u00e9e \u00e0 l\u2019h\u00e9lium, gaz qui poss\u00e8de les propri\u00e9t\u00e9s d\u2019\u00eatre plus l\u00e9ger que l\u2019air et d\u2019\u00eatre ininflammable.<\/p>\n<p>Gr\u00e2ce \u00e0 la pouss\u00e9e d\u2019Archim\u00e8de, le ballon s\u2019\u00e9l\u00e8ve dans l\u2019atmosph\u00e8re.<br class=\"autobr\" \/>Plus il monte, plus la pression de l\u2019air autour de lui, diminue. L\u2019h\u00e9lium occupe alors de plus en plus de volume\u00a0: le ballon se dilate et finit par \u00e9clater.<\/p>\n<p>A ce moment, la cha\u00eene de vol redescend vers la terre. Le parachute ins\u00e9r\u00e9 initialement \u00ab<small class=\"fine d-inline\">\u00a0<\/small>en sapin<small class=\"fine d-inline\">\u00a0<\/small>\u00bb entre l\u2019enveloppe du ballon et le r\u00e9flecteur radar, joue alors son r\u00f4le de frein.<\/p>\n<p>La dur\u00e9e totale du vol se situe entre 2 et 4 heures.[\/vc_column_text][\/vc_column][\/vc_row][vc_row][vc_column icons_position=\u00a0\u00bbleft\u00a0\u00bb][vc_empty_space alter_height=\u00a0\u00bbmedium\u00a0\u00bb hide_on_desktop=\u00a0\u00bb\u00a0\u00bb hide_on_notebook=\u00a0\u00bb\u00a0\u00bb hide_on_tablet=\u00a0\u00bb\u00a0\u00bb hide_on_mobile=\u00a0\u00bb\u00a0\u00bb][\/vc_column][\/vc_row][vc_row][vc_column icons_position=\u00a0\u00bbleft\u00a0\u00bb][vc_single_image image=\u00a0\u00bb3611&Prime; img_size=\u00a0\u00bbmedium\u00a0\u00bb alignment=\u00a0\u00bbcenter\u00a0\u00bb][\/vc_column][\/vc_row][vc_row][vc_column icons_position=\u00a0\u00bbleft\u00a0\u00bb][vc_empty_space alter_height=\u00a0\u00bbmedium\u00a0\u00bb hide_on_desktop=\u00a0\u00bb\u00a0\u00bb hide_on_notebook=\u00a0\u00bb\u00a0\u00bb hide_on_tablet=\u00a0\u00bb\u00a0\u00bb hide_on_mobile=\u00a0\u00bb\u00a0\u00bb][\/vc_column][\/vc_row][vc_row][vc_column icons_position=\u00a0\u00bbleft\u00a0\u00bb][vc_column_text]<\/p>\n<h5>Cahier des charges : <a href=\"https:\/\/www.radio-sta.com\/wp-content\/uploads\/2022\/09\/cahier_des_charges_ballon_v14.pdf\" target=\"_blank\" rel=\"noopener\">T\u00e9l\u00e9charger<\/a><br \/>\nCaract\u00e9ristique de l\u2019atmosph\u00e8re, m\u00e9canique du vol : <a href=\"https:\/\/www.radio-sta.com\/wp-content\/uploads\/2022\/09\/Caracte\u0301ristiques-atmosphere-meca-vol-ballon.pdf\" target=\"_blank\" rel=\"noopener\">T\u00e9l\u00e9charger<\/a><\/h5>\n<p>[\/vc_column_text][\/vc_column][\/vc_row][vc_row][vc_column icons_position=\u00a0\u00bbleft\u00a0\u00bb][vc_empty_space alter_height=\u00a0\u00bbmedium\u00a0\u00bb hide_on_desktop=\u00a0\u00bb\u00a0\u00bb hide_on_notebook=\u00a0\u00bb\u00a0\u00bb hide_on_tablet=\u00a0\u00bb\u00a0\u00bb hide_on_mobile=\u00a0\u00bb\u00a0\u00bb][\/vc_column][\/vc_row][vc_row][vc_column icons_position=\u00a0\u00bbleft\u00a0\u00bb][vc_column_text]Source : <a href=\"https:\/\/www.planete-sciences.org\/\" target=\"_blank\" rel=\"noopener\">Plan\u00e8te Sciences<\/a>[\/vc_column_text][\/vc_column][\/vc_row]<\/p>\n","protected":false},"excerpt":{"rendered":"<p>[vc_row][vc_column icons_position=\u00a0\u00bbleft\u00a0\u00bb][vc_column_text] L\u2019espace fait r\u00eaver. Cela fait pr\u00e8s de 60 ans que Plan\u00e8te Sciences propose aux jeunes des activit\u00e9s scientifiques pour appr\u00e9hender et toucher du doigt les difficult\u00e9s ou les notions n\u00e9cessaires aux professionnels lors de la conception et de la r\u00e9alisation de projets spatiaux. Le\u00a0CNES\u00a0et Plan\u00e8te Sciences mettent en oeuvre des ballons stratosph\u00e9riques exp\u00e9rimentaux depuis 1992, notamment dans le&hellip;<\/p>\n","protected":false},"author":1,"featured_media":0,"parent":0,"menu_order":0,"comment_status":"closed","ping_status":"closed","template":"","meta":{"footnotes":""},"class_list":["post-3457","page","type-page","status-publish","hentry"],"_links":{"self":[{"href":"https:\/\/www.radio-sta.com\/index.php\/wp-json\/wp\/v2\/pages\/3457","targetHints":{"allow":["GET"]}}],"collection":[{"href":"https:\/\/www.radio-sta.com\/index.php\/wp-json\/wp\/v2\/pages"}],"about":[{"href":"https:\/\/www.radio-sta.com\/index.php\/wp-json\/wp\/v2\/types\/page"}],"author":[{"embeddable":true,"href":"https:\/\/www.radio-sta.com\/index.php\/wp-json\/wp\/v2\/users\/1"}],"replies":[{"embeddable":true,"href":"https:\/\/www.radio-sta.com\/index.php\/wp-json\/wp\/v2\/comments?post=3457"}],"version-history":[{"count":8,"href":"https:\/\/www.radio-sta.com\/index.php\/wp-json\/wp\/v2\/pages\/3457\/revisions"}],"predecessor-version":[{"id":3613,"href":"https:\/\/www.radio-sta.com\/index.php\/wp-json\/wp\/v2\/pages\/3457\/revisions\/3613"}],"wp:attachment":[{"href":"https:\/\/www.radio-sta.com\/index.php\/wp-json\/wp\/v2\/media?parent=3457"}],"curies":[{"name":"wp","href":"https:\/\/api.w.org\/{rel}","templated":true}]}}